{"id":4,"date":"2011-11-08T10:43:40","date_gmt":"2011-11-08T10:43:40","guid":{"rendered":"http:\/\/www.garageschmidli.ch\/wp\/?page_id=4"},"modified":"2018-12-30T10:01:01","modified_gmt":"2018-12-30T08:01:01","slug":"impressum","status":"publish","type":"page","link":"https:\/\/www.garageschmidli.ch\/?page_id=4","title":{"rendered":"Impressum"},"content":{"rendered":"<p>Garage Schmidli Z\u00fcri<br \/>\nGrubenstrasse 32<br \/>\n8045 Z\u00fcrich<br \/>\nSchweiz<\/p>\n<p>Fon: +41 44 463 68 10<br \/>\nFax: +41 44 463 68 05<br \/>\nInternet: https:\/\/www.garageschmidli.ch<br \/>\nE-Mail: garage-schmidli(at)bluewin.ch<\/p>\n<p>Rechtliche Hinweise<br \/>\nMWSt-Nr.: 233475<br \/>\nRegisternummer: CH-020.1.906.912-9<\/p>\n<p>Inhaltlich Verantwortlicher: Robi Schmidli<\/p>\n<p>Copyright-Vermerk<br \/>\nAlle Texte und Bilder sind Eigentum des oben genannten Verantwortlichen. Es ist prinzipiell untersagt, irgendwelche Inhalte dieser gesamten Website zu kopieren und zu verwenden. Bei Anfragen wenden Sie sich bitte an die f\u00fcr den Inhalt verantwortliche Person.<\/p>\n<p>Haftungshinweis<br \/>\nTrotz sorgf\u00e4ltiger inhaltlicher Kontrolle \u00fcbernehmen wir keine Haftung f\u00fcr die Inhalte externer Links. F\u00fcr den Inhalt der verlinkten Seiten sind ausschliesslich deren Betreiber verantwortlich.<\/p>\n<p>Wir \u00fcbernehmen keine Gew\u00e4hr f\u00fcr die Vollst\u00e4ndigkeit und Richtigkeit der hier ver\u00f6ffentlichten Inhalte und Abbildungen. Irrt\u00fcmer und \u00c4nderungen sind vorbehalten. Verl\u00e4sst sich ein Anwender auf diese Informationen, so geschieht dies auf eigenes Risiko. Diese Seiten enthalten u. U. Verkn\u00fcpfungen (Links) zu Seiten, die von anderen Unternehmen gepflegt werden und deren aktuelle Inhalte uns nicht bekannt sind. Aus diesem Grund distanzieren wir uns ausdr\u00fccklich von den Inhalten dieser Seiten. Die Kommunikation \u00fcber das Kontaktformular oder per E-Mail erfolgt in der Regel unverschl\u00fcsselt und kann unter Umst\u00e4nden von unberechtigten Dritten (Hacker) eingesehen werden. Dies nimmt der Anwender in Kauf und ber\u00fccksichtigt es bei der Angabe vertraulicher Informationen. Wir \u00fcbernehmen keinerlei Verantwortung oder Haftung f\u00fcr Sch\u00e4den jeder Form als Folge der Verwendung dieser Seiten. Ebenfalls erfolgt das Herunterladen von Daten jeder Art auf eigene Gefahr.<\/p>\n","protected":false},"excerpt":{"rendered":"<p>Garage Schmidli Z\u00fcri Grubenstrasse 32 8045 Z\u00fcrich Schweiz Fon: +41 44 463 68 10 Fax: +41 44 463 68 05 Internet: https:\/\/www.garageschmidli.ch E-Mail: garage-schmidli(at)bluewin.ch Rechtliche Hinweise MWSt-Nr.: 233475 Registernummer: CH-020.1.906.912-9 Inhaltlich Verantwortlicher: Robi Schmidli Copyright-Vermerk Alle Texte und Bilder sind &hellip; <a href=\"https:\/\/www.garageschmidli.ch\/?page_id=4\">Continue reading <span class=\"meta-nav\">&rarr;<\/span><\/a><\/p>\n","protected":false},"author":1,"featured_media":0,"parent":0,"menu_order":7,"comment_status":"closed","ping_status":"closed","template":"","meta":{"footnotes":"","_links_to":"","_links_to_target":""},"class_list":["post-4","page","type-page","status-publish","hentry"],"_links":{"self":[{"href":"https:\/\/www.garageschmidli.ch\/index.php?rest_route=\/wp\/v2\/pages\/4","targetHints":{"allow":["GET"]}}],"collection":[{"href":"https:\/\/www.garageschmidli.ch\/index.php?rest_route=\/wp\/v2\/pages"}],"about":[{"href":"https:\/\/www.garageschmidli.ch\/index.php?rest_route=\/wp\/v2\/types\/page"}],"author":[{"embeddable":true,"href":"https:\/\/www.garageschmidli.ch\/index.php?rest_route=\/wp\/v2\/users\/1"}],"replies":[{"embeddable":true,"href":"https:\/\/www.garageschmidli.ch\/index.php?rest_route=%2Fwp%2Fv2%2Fcomments&post=4"}],"version-history":[{"count":6,"href":"https:\/\/www.garageschmidli.ch\/index.php?rest_route=\/wp\/v2\/pages\/4\/revisions"}],"predecessor-version":[{"id":1565,"href":"https:\/\/www.garageschmidli.ch\/index.php?rest_route=\/wp\/v2\/pages\/4\/revisions\/1565"}],"wp:attachment":[{"href":"https:\/\/www.garageschmidli.ch\/index.php?rest_route=%2Fwp%2Fv2%2Fmedia&parent=4"}],"curies":[{"name":"wp","href":"https:\/\/api.w.org\/{rel}","templated":true}]}}