{"id":11,"date":"2011-11-08T10:52:03","date_gmt":"2011-11-08T10:52:03","guid":{"rendered":"http:\/\/www.garageschmidli.ch\/?page_id=11"},"modified":"2013-10-01T21:16:42","modified_gmt":"2013-10-01T19:16:42","slug":"wir-uber-uns","status":"publish","type":"page","link":"https:\/\/www.garageschmidli.ch\/?page_id=11","title":{"rendered":"Wir \u00fcber uns"},"content":{"rendered":"<div>Die Garage Schmidli wurde 1954 gegr\u00fcndet. Als Unterhaltswerkstatt f\u00fcr den eigenen Taxi Fuhrpark konnte man sich \u00fcber lange Zeit ein grosses Fachwissen an amerikanischen Fahrzeugen der Marke Chrysler von 1969-1978 aneignen.<\/div>\n<div>Unsere mechanische Spezialwerkstatt erm\u00f6glicht uns Revisionsarbeiten an: Motoren \/ Lenkungen \/ Automaten \/ Achsen \/ Anlassern \/ Alternatoren usw.<br \/>\n<img loading=\"lazy\" decoding=\"async\" class=\"alignnone size-full wp-image-73\" title=\"1940\" alt=\"\" src=\"https:\/\/www.garageschmidli.ch\/wp-content\/uploads\/2011\/11\/1940.jpg\" width=\"260\" height=\"180\" srcset=\"https:\/\/www.garageschmidli.ch\/wp-content\/uploads\/2011\/11\/1940.jpg 260w, https:\/\/www.garageschmidli.ch\/wp-content\/uploads\/2011\/11\/1940-148x102.jpg 148w, https:\/\/www.garageschmidli.ch\/wp-content\/uploads\/2011\/11\/1940-31x21.jpg 31w, https:\/\/www.garageschmidli.ch\/wp-content\/uploads\/2011\/11\/1940-38x26.jpg 38w\" sizes=\"auto, (max-width: 260px) 100vw, 260px\" \/><\/div>\n<div>Im Jahre 1978 konnte die Markenvertretung Honda \u00fcbernommen werden, die 1991 durch den Honda NSX erweiteret wurde. Mit \u00fcber 30 ausgelieferten NSX Neuwagen konnten bisher interessante Erfahrungen in Sachen Zuverl\u00e4ssigkeit und Fahrwerkabstimmung gemacht werden.<\/div>\n<div>Durch die \u00fcber 20-j\u00e4hrige Erfahrung mit der Marke Honda d\u00fcrfen wir auf einen zufriedenen Kundenstamm blicken, die wir in unserer Werkstatt durch unsere langj\u00e4hrigen Mitarbeiter mit folgenden Dienstleistungen betreuen: Servicearbeiten \/ Diagnostik \/ Klimaservice \/ Lenkgeometrie \/ Fahrzeugvorf\u00fchrungen und Frontscheibenservice.<\/div>\n<div>Carrosserie- \/ Maler- und Sattlerarbeiten k\u00f6nnen wir in Zusammenarbeit mit unseren langj\u00e4hrigen Partnern ausf\u00fchren, mit deren Mithilfe wir Ihr Fahrzeug auch individuell gestalten k\u00f6nnen.<\/div>\n","protected":false},"excerpt":{"rendered":"<p>Die Garage Schmidli wurde 1954 gegr\u00fcndet. Als Unterhaltswerkstatt f\u00fcr den eigenen Taxi Fuhrpark konnte man sich \u00fcber lange Zeit ein grosses Fachwissen an amerikanischen Fahrzeugen der Marke Chrysler von 1969-1978 aneignen. Unsere mechanische Spezialwerkstatt erm\u00f6glicht uns Revisionsarbeiten an: Motoren \/ &hellip; <a href=\"https:\/\/www.garageschmidli.ch\/?page_id=11\">Continue reading <span class=\"meta-nav\">&rarr;<\/span><\/a><\/p>\n","protected":false},"author":1,"featured_media":0,"parent":4,"menu_order":4,"comment_status":"closed","ping_status":"closed","template":"","meta":{"footnotes":"","_links_to":"","_links_to_target":""},"class_list":["post-11","page","type-page","status-publish","hentry"],"_links":{"self":[{"href":"https:\/\/www.garageschmidli.ch\/index.php?rest_route=\/wp\/v2\/pages\/11","targetHints":{"allow":["GET"]}}],"collection":[{"href":"https:\/\/www.garageschmidli.ch\/index.php?rest_route=\/wp\/v2\/pages"}],"about":[{"href":"https:\/\/www.garageschmidli.ch\/index.php?rest_route=\/wp\/v2\/types\/page"}],"author":[{"embeddable":true,"href":"https:\/\/www.garageschmidli.ch\/index.php?rest_route=\/wp\/v2\/users\/1"}],"replies":[{"embeddable":true,"href":"https:\/\/www.garageschmidli.ch\/index.php?rest_route=%2Fwp%2Fv2%2Fcomments&post=11"}],"version-history":[{"count":7,"href":"https:\/\/www.garageschmidli.ch\/index.php?rest_route=\/wp\/v2\/pages\/11\/revisions"}],"predecessor-version":[{"id":339,"href":"https:\/\/www.garageschmidli.ch\/index.php?rest_route=\/wp\/v2\/pages\/11\/revisions\/339"}],"up":[{"embeddable":true,"href":"https:\/\/www.garageschmidli.ch\/index.php?rest_route=\/wp\/v2\/pages\/4"}],"wp:attachment":[{"href":"https:\/\/www.garageschmidli.ch\/index.php?rest_route=%2Fwp%2Fv2%2Fmedia&parent=11"}],"curies":[{"name":"wp","href":"https:\/\/api.w.org\/{rel}","templated":true}]}}